{"id":45,"date":"2018-03-22T16:35:31","date_gmt":"2018-03-22T15:35:31","guid":{"rendered":"http:\/\/hanneshuber-edv.at\/?page_id=45"},"modified":"2018-07-29T12:23:58","modified_gmt":"2018-07-29T10:23:58","slug":"impressum","status":"publish","type":"page","link":"http:\/\/website.pfendhub.at\/?page_id=45","title":{"rendered":"Impressum"},"content":{"rendered":"<p><strong>Herausgeber und Copyrights<\/strong><\/p>\n<p>Freiwillige Feuerwehr Pfendhub<br \/>\nvertreten durch<br \/>\nKommandant HBI Hermann Feichtenschlager<br \/>\nPfendhub | A-5272 Treubach<\/p>\n<p>&nbsp;<\/p>\n<p><strong>Nutzung<\/strong><br \/>\nEs ist untersagt, Design und\/oder Inhalt, sowie eigene Bilder der Website in irgendeiner Art und Weise abzu\u00e4ndern, kopieren, ver\u00f6ffentlichen, als Basis f\u00fcr weitere Projekte zu verwenden, ohne die ausdr\u00fcckliche und schriftliche Einwilligung der Freiwilligen Feuerwehr Pfendhub. Dar\u00fcber hinaus erhalten Sie keinerlei Eigentumsrechte durch den Download der Homepage-Dokumente. S\u00e4mtliche nicht erw\u00e4hnten Rechte bleiben vorbehalten.<\/p>\n<p>&nbsp;<\/p>\n<p><strong>Links<\/strong><br \/>\nF\u00fcr den Inhalt zu verlinkten, externen Websites haben wir keinen Einfluss auf Inhalt oder Verf\u00fcgbarkeit und distanzieren uns daher von jeglicher Haftung f\u00fcr diesen Seiten.<\/p>\n<p>&nbsp;<\/p>\n<p><strong>Copyright<\/strong><br \/>\nAlle Bilder, Texte, etc. sind wenn nicht anders angegeben (c) FF Pfendhub.<\/p>\n","protected":false},"excerpt":{"rendered":"<p>Herausgeber und Copyrights Freiwillige Feuerwehr Pfendhub vertreten durch Kommandant HBI Hermann Feichtenschlager Pfendhub | A-5272 Treubach &nbsp; Nutzung Es ist untersagt, Design und\/oder Inhalt, sowie eigene Bilder der Website in irgendeiner Art und Weise abzu\u00e4ndern, kopieren, ver\u00f6ffentlichen, als Basis f\u00fcr weitere Projekte zu verwenden, ohne die ausdr\u00fcckliche und schriftliche Einwilligung der Freiwilligen Feuerwehr Pfendhub. Dar\u00fcber [&hellip;]<\/p>\n","protected":false},"author":1,"featured_media":0,"parent":0,"menu_order":0,"comment_status":"closed","ping_status":"closed","template":"","meta":[],"_links":{"self":[{"href":"http:\/\/website.pfendhub.at\/index.php?rest_route=\/wp\/v2\/pages\/45"}],"collection":[{"href":"http:\/\/website.pfendhub.at\/index.php?rest_route=\/wp\/v2\/pages"}],"about":[{"href":"http:\/\/website.pfendhub.at\/index.php?rest_route=\/wp\/v2\/types\/page"}],"author":[{"embeddable":true,"href":"http:\/\/website.pfendhub.at\/index.php?rest_route=\/wp\/v2\/users\/1"}],"replies":[{"embeddable":true,"href":"http:\/\/website.pfendhub.at\/index.php?rest_route=%2Fwp%2Fv2%2Fcomments&post=45"}],"version-history":[{"count":2,"href":"http:\/\/website.pfendhub.at\/index.php?rest_route=\/wp\/v2\/pages\/45\/revisions"}],"predecessor-version":[{"id":120,"href":"http:\/\/website.pfendhub.at\/index.php?rest_route=\/wp\/v2\/pages\/45\/revisions\/120"}],"wp:attachment":[{"href":"http:\/\/website.pfendhub.at\/index.php?rest_route=%2Fwp%2Fv2%2Fmedia&parent=45"}],"curies":[{"name":"wp","href":"https:\/\/api.w.org\/{rel}","templated":true}]}}